{"id":12,"date":"2025-04-07T15:08:33","date_gmt":"2025-04-07T15:08:33","guid":{"rendered":"http:\/\/localhost\/DenemaxSport\/?page_id=12"},"modified":"2025-05-22T13:50:23","modified_gmt":"2025-05-22T13:50:23","slug":"servicios-clubes-deportivos","status":"publish","type":"page","link":"https:\/\/prueba.denemaxsport.com\/DenemaxSport\/?page_id=12","title":{"rendered":"Servicios"},"content":{"rendered":"\n<div class=\"wp-block-uagb-container uagb-layout-flex uagb-block-edf9ad47 alignfull uagb-is-root-container\"><div class=\"uagb-container-inner-blocks-wrap\">\n<div class=\"wp-block-uagb-advanced-heading uagb-block-022836bc\"><h1 class=\"uagb-heading-text\">Optimiza tu club deportivo con Denemax Sport<\/h1><\/div>\n<\/div><\/div>\n\n\n\n<div class=\"wp-block-uagb-container uagb-block-a9da1e25 alignfull uagb-is-root-container\"><div class=\"uagb-container-inner-blocks-wrap\">\n<div class=\"wp-block-uagb-container uagb-layout-grid uagb-block-ec9486ee default uagb-is-root-container\">\n<div class=\"wp-block-uagb-info-box uagb-block-5a2bc621 uagb-infobox__content-wrap  uagb-infobox-icon-above-title uagb-infobox-image-valign-top wp-block-uagb-info-box--has-margin\"><div class=\"uagb-infobox-margin-wrapper\"><div class=\"uagb-ifb-content\"><div class=\"uagb-ifb-title-wrap\"><h2 class=\"uagb-ifb-title\">Gesti\u00f3n de clubes deportivos<\/h2><\/div><p class=\"uagb-ifb-desc\">En Denemax Sport, ofrecemos<strong> servicios para clubes deportivos<\/strong> que desean optimizar cada aspecto de su gesti\u00f3n. Nuestra consultor\u00eda especializada y asesor\u00eda personalizada apoyan a entrenadores y gestores en sus objetivos. Adem\u00e1s, nuestras herramientas digitales est\u00e1n dise\u00f1adas para mejorar tanto el rendimiento organizativo como el deportivo de sus entidades.<\/p><\/div><\/div><\/div>\n\n\n\n<div class=\"wp-block-uagb-image uagb-block-936d1125 wp-block-uagb-image--layout-default wp-block-uagb-image--effect-static wp-block-uagb-image--align-none\"><figure class=\"wp-block-uagb-image__figure\"><img decoding=\"async\" srcset=\"https:\/\/prueba.denemaxsport.com\/DenemaxSport\/wp-content\/uploads\/2025\/04\/person-horseback-riding-outdoors-1524620-683x1024.jpeg ,https:\/\/prueba.denemaxsport.com\/DenemaxSport\/wp-content\/uploads\/2025\/04\/person-horseback-riding-outdoors-1524620.jpeg 780w, https:\/\/prueba.denemaxsport.com\/DenemaxSport\/wp-content\/uploads\/2025\/04\/person-horseback-riding-outdoors-1524620.jpeg 360w\" sizes=\"auto, (max-width: 480px) 150px\" src=\"https:\/\/prueba.denemaxsport.com\/DenemaxSport\/wp-content\/uploads\/2025\/04\/person-horseback-riding-outdoors-1524620-683x1024.jpeg\" alt=\"Soluciones digitales para la gesti\u00f3n de clubes deportivos\" class=\"uag-image-860\" width=\"522\" height=\"440\" title=\"person-horseback-riding-outdoors-1524620\" loading=\"lazy\" role=\"img\"\/><\/figure><\/div>\n<\/div>\n\n\n\n<div class=\"wp-block-uagb-container uagb-layout-grid uagb-block-932b0ea7 default uagb-is-root-container\">\n<div class=\"wp-block-uagb-image uagb-block-e214f383 wp-block-uagb-image--layout-default wp-block-uagb-image--effect-static wp-block-uagb-image--align-none\"><figure class=\"wp-block-uagb-image__figure\"><img decoding=\"async\" srcset=\"https:\/\/prueba.denemaxsport.com\/DenemaxSport\/wp-content\/uploads\/2025\/04\/man-carrying-orange-backpack-868096-683x1024.jpeg ,https:\/\/prueba.denemaxsport.com\/DenemaxSport\/wp-content\/uploads\/2025\/04\/man-carrying-orange-backpack-868096.jpeg 780w, https:\/\/prueba.denemaxsport.com\/DenemaxSport\/wp-content\/uploads\/2025\/04\/man-carrying-orange-backpack-868096.jpeg 360w\" sizes=\"auto, (max-width: 480px) 150px\" src=\"https:\/\/prueba.denemaxsport.com\/DenemaxSport\/wp-content\/uploads\/2025\/04\/man-carrying-orange-backpack-868096-683x1024.jpeg\" alt=\"Asesor\u00eda en administraci\u00f3n y organizaci\u00f3n de entidades deportivas\" class=\"uag-image-861\" width=\"522\" height=\"440\" title=\"man-carrying-orange-backpack-868096\" loading=\"lazy\" role=\"img\"\/><\/figure><\/div>\n\n\n\n<div class=\"wp-block-uagb-info-box uagb-block-38856887 uagb-infobox__content-wrap  uagb-infobox-icon-above-title uagb-infobox-image-valign-top wp-block-uagb-info-box--has-margin\"><div class=\"uagb-infobox-margin-wrapper\"><div class=\"uagb-ifb-content\"><div class=\"uagb-ifb-title-wrap\"><h2 class=\"uagb-ifb-title\">Aplicaci\u00f3n personalizada para clubes<\/h2><\/div><p class=\"uagb-ifb-desc\">Como parte de nuestros <strong>servicios para clubes deportivos<\/strong>, ofrecemos una innovadora aplicaci\u00f3n personalizada. Esta herramienta transforma la manera en que los clubes gestionan sus actividades. Adem\u00e1s, incluye funcionalidades que permiten un seguimiento detallado de entrenamientos, competiciones y eventos. De este modo, facilitamos la toma de decisiones informadas y \u00e1giles. As\u00ed, optimizamos el tiempo de entrenamiento y mejoramos la experiencia general del club.<\/p><\/div><\/div><\/div>\n<\/div>\n\n\n\n<div class=\"wp-block-uagb-container uagb-layout-grid uagb-block-91add4aa default uagb-is-root-container\">\n<div class=\"wp-block-uagb-info-box uagb-block-87dc43fa uagb-infobox__content-wrap  uagb-infobox-icon-above-title uagb-infobox-image-valign-top wp-block-uagb-info-box--has-margin\"><div class=\"uagb-infobox-margin-wrapper\"><div class=\"uagb-ifb-content\"><div class=\"uagb-ifb-title-wrap\"><h2 class=\"uagb-ifb-title\">Digitalizaci\u00f3n de procesos deportivos<\/h2><\/div><p class=\"uagb-ifb-desc\">Ofrecemos <strong>servicios para clubes deportivos<\/strong> que incluyen formaci\u00f3n y asesoramiento especializado. Estos servicios est\u00e1n adaptados a las necesidades de cada club. Adem\u00e1s, nuestros expertos comparten su conocimiento en gesti\u00f3n deportiva. As\u00ed, ayudan a los equipos a implementar estrategias efectivas que maximizan su potencial. Esto abarca tanto el campo como la administraci\u00f3n, asegurando un crecimiento sostenido mediante mejores pr\u00e1cticas.<\/p><\/div><\/div><\/div>\n\n\n\n<div class=\"wp-block-uagb-image uagb-block-dcc4c013 wp-block-uagb-image--layout-default wp-block-uagb-image--effect-static wp-block-uagb-image--align-none\"><figure class=\"wp-block-uagb-image__figure\"><img decoding=\"async\" srcset=\"https:\/\/prueba.denemaxsport.com\/DenemaxSport\/wp-content\/uploads\/2025\/04\/selective-focus-photography-of-tennis-ball-on-floor-2352372-683x1024.jpeg ,https:\/\/prueba.denemaxsport.com\/DenemaxSport\/wp-content\/uploads\/2025\/04\/selective-focus-photography-of-tennis-ball-on-floor-2352372.jpeg 780w, https:\/\/prueba.denemaxsport.com\/DenemaxSport\/wp-content\/uploads\/2025\/04\/selective-focus-photography-of-tennis-ball-on-floor-2352372.jpeg 360w\" sizes=\"auto, (max-width: 480px) 150px\" src=\"https:\/\/prueba.denemaxsport.com\/DenemaxSport\/wp-content\/uploads\/2025\/04\/selective-focus-photography-of-tennis-ball-on-floor-2352372-683x1024.jpeg\" alt=\"Herramientas tecnol\u00f3gicas para optimizar la gesti\u00f3n de clubes\" class=\"uag-image-846\" width=\"522\" height=\"440\" title=\"selective-focus-photography-of-tennis-ball-on-floor-2352372\" loading=\"lazy\" role=\"img\"\/><\/figure><\/div>\n<\/div>\n\n\n\n<div class=\"wp-block-uagb-container uagb-layout-grid uagb-block-d40cbe4f default uagb-is-root-container\">\n<div class=\"wp-block-uagb-image uagb-block-e6072c33 wp-block-uagb-image--layout-default wp-block-uagb-image--effect-static wp-block-uagb-image--align-none\"><figure class=\"wp-block-uagb-image__figure\"><img decoding=\"async\" srcset=\"https:\/\/prueba.denemaxsport.com\/DenemaxSport\/wp-content\/uploads\/2025\/04\/white-tennis-net-on-a-ground-102970-576x1024.jpeg ,https:\/\/prueba.denemaxsport.com\/DenemaxSport\/wp-content\/uploads\/2025\/04\/white-tennis-net-on-a-ground-102970.jpeg 780w, https:\/\/prueba.denemaxsport.com\/DenemaxSport\/wp-content\/uploads\/2025\/04\/white-tennis-net-on-a-ground-102970.jpeg 360w\" sizes=\"auto, (max-width: 480px) 150px\" src=\"https:\/\/prueba.denemaxsport.com\/DenemaxSport\/wp-content\/uploads\/2025\/04\/white-tennis-net-on-a-ground-102970-576x1024.jpeg\" alt=\"Transformaci\u00f3n digital en clubes deportivos para mejorar su rendimiento\" class=\"uag-image-873\" width=\"522\" height=\"440\" title=\"white-tennis-net-on-a-ground-102970\" loading=\"lazy\" role=\"img\"\/><\/figure><\/div>\n\n\n\n<div class=\"wp-block-uagb-info-box uagb-block-43b61b56 uagb-infobox__content-wrap  uagb-infobox-icon-above-title uagb-infobox-image-valign-top wp-block-uagb-info-box--has-margin\"><div class=\"uagb-infobox-margin-wrapper\"><div class=\"uagb-ifb-content\"><div class=\"uagb-ifb-title-wrap\"><h2 class=\"uagb-ifb-title\">Asesor\u00eda en administraci\u00f3n deportiva<\/h2><\/div><p class=\"uagb-ifb-desc\">Denemax Sport proporciona <strong>servicios para clubes deportivos<\/strong>, gestionando tanto la comunicaci\u00f3n interna como las relaciones externas. Adem\u00e1s, nuestra plataforma digital permite una coordinaci\u00f3n eficiente de los equipos. Esto facilita la interacci\u00f3n con padres, jugadores y otros interesados. Como resultado, se crea un ambiente cohesionado y motivador que impulsa el \u00e9xito deportivo.<\/p><\/div><\/div><\/div>\n<\/div>\n<\/div><\/div>\n\n\n\n<div class=\"wp-block-uagb-container uagb-layout-grid uagb-block-d17d52f5 alignfull uagb-is-root-container\">\n<div class=\"wp-block-uagb-image uagb-block-f5c79397 wp-block-uagb-image--layout-default wp-block-uagb-image--effect-static wp-block-uagb-image--align-none uag-hide-mob\"><figure class=\"wp-block-uagb-image__figure\"><\/figure><\/div>\n\n\n\n<div class=\"wp-block-uagb-info-box uagb-block-e0e0877b uagb-infobox__content-wrap  uagb-infobox-icon-above-title uagb-infobox-image-valign-top wp-block-uagb-info-box--has-margin\"><div class=\"uagb-infobox-margin-wrapper\"><div class=\"uagb-ifb-content\"><div class=\"uagb-ifb-title-wrap\"><p class=\"uagb-ifb-title-prefix\">\u00danete hoy<\/p><h2 class=\"uagb-ifb-title\">Dale un nuevo rumbo a tu club deportivo<\/h2><\/div><p class=\"uagb-ifb-desc\"><strong>Contacta con nosotros y descubre c\u00f3mo podemos ayudarte a optimizar la gesti\u00f3n de tu club de manera efectiva.<\/strong><\/p><div class=\"uagb-ifb-button-wrapper wp-block-button\"><a href=\"?page_id=14\" class=\"uagb-infobox-cta-link wp-block-button__link\" target=\"_self\" rel=\"noopener noreferrer\" onclick=\"return true;\"><span class=\"uagb-inline-editing\">Descubre m\u00e1s<\/span><\/a><\/div><\/div><\/div><\/div>\n\n\n\n<div class=\"wp-block-uagb-image uagb-block-7baf2f18 wp-block-uagb-image--layout-default wp-block-uagb-image--effect-static wp-block-uagb-image--align-none uag-hide-mob\"><figure class=\"wp-block-uagb-image__figure\"><\/figure><\/div>\n<\/div>\n","protected":false},"excerpt":{"rendered":"<p>Optimiza tu club deportivo con Denemax Sport<\/p>\n","protected":false},"author":4,"featured_media":0,"parent":0,"menu_order":0,"comment_status":"closed","ping_status":"closed","template":"","meta":{"_uag_custom_page_level_css":"","site-sidebar-layout":"default","site-content-layout":"","ast-site-content-layout":"","site-content-style":"default","site-sidebar-style":"default","ast-global-header-display":"","ast-banner-title-visibility":"","ast-main-header-display":"","ast-hfb-above-header-display":"","ast-hfb-below-header-display":"","ast-hfb-mobile-header-display":"","site-post-title":"disabled","ast-breadcrumbs-content":"","ast-featured-img":"","footer-sml-layout":"","theme-transparent-header-meta":"enabled","adv-header-id-meta":"","stick-header-meta":"","header-above-stick-meta":"","header-main-stick-meta":"","header-below-stick-meta":"","astra-migrate-meta-layouts":"default","ast-page-background-enabled":"default","ast-page-background-meta":{"desktop":{"background-color":"var(--ast-global-color-4)","background-image":"","background-repeat":"repeat","background-position":"center center","background-size":"auto","background-attachment":"scroll","background-type":"","background-media":"","overlay-type":"","overlay-color":"","overlay-opacity":"","overlay-gradient":""},"tablet":{"background-color":"","background-image":"","background-repeat":"repeat","background-position":"center center","background-size":"auto","background-attachment":"scroll","background-type":"","background-media":"","overlay-type":"","overlay-color":"","overlay-opacity":"","overlay-gradient":""},"mobile":{"background-color":"","background-image":"","background-repeat":"repeat","background-position":"center center","background-size":"auto","background-attachment":"scroll","background-type":"","background-media":"","overlay-type":"","overlay-color":"","overlay-opacity":"","overlay-gradient":""}},"ast-content-background-meta":{"desktop":{"background-color":"var(--ast-global-color-5)","background-image":"","background-repeat":"repeat","background-position":"center center","background-size":"auto","background-attachment":"scroll","background-type":"","background-media":"","overlay-type":"","overlay-color":"","overlay-opacity":"","overlay-gradient":""},"tablet":{"background-color":"var(--ast-global-color-5)","background-image":"","background-repeat":"repeat","background-position":"center center","background-size":"auto","background-attachment":"scroll","background-type":"","background-media":"","overlay-type":"","overlay-color":"","overlay-opacity":"","overlay-gradient":""},"mobile":{"background-color":"var(--ast-global-color-5)","background-image":"","background-repeat":"repeat","background-position":"center center","background-size":"auto","background-attachment":"scroll","background-type":"","background-media":"","overlay-type":"","overlay-color":"","overlay-opacity":"","overlay-gradient":""}},"footnotes":""},"class_list":["post-12","page","type-page","status-publish","hentry"],"yoast_head":"<!-- This site is optimized with the Yoast SEO Premium plugin v25.1 (Yoast SEO v25.1) - https:\/\/yoast.com\/wordpress\/plugins\/seo\/ -->\n<title>Servicios para clubes deportivos | Denemax Sport<\/title>\n<meta name=\"description\" content=\"Descubre los servicios para clubes deportivos de Denemax Sport: consultor\u00eda, asesor\u00eda y herramientas digitales para una gesti\u00f3n eficiente.\" \/>\n<meta name=\"robots\" content=\"index, follow, max-snippet:-1, max-image-preview:large, max-video-preview:-1\" \/>\n<link rel=\"canonical\" href=\"https:\/\/prueba.denemaxsport.com\/DenemaxSport\/?page_id=12\" \/>\n<meta property=\"og:locale\" content=\"es_ES\" \/>\n<meta property=\"og:type\" content=\"article\" \/>\n<meta property=\"og:title\" content=\"Servicios\" \/>\n<meta property=\"og:description\" content=\"Descubre los servicios para clubes deportivos de Denemax Sport: consultor\u00eda, asesor\u00eda y herramientas digitales para una gesti\u00f3n eficiente.\" \/>\n<meta property=\"og:url\" content=\"https:\/\/prueba.denemaxsport.com\/DenemaxSport\/?page_id=12\" \/>\n<meta property=\"og:site_name\" content=\"DenemaxSport\" \/>\n<meta property=\"article:publisher\" content=\"https:\/\/www.facebook.com\/pages\/DenemaxConsultin\/966345906748622\" \/>\n<meta property=\"article:modified_time\" content=\"2025-05-22T13:50:23+00:00\" \/>\n<meta property=\"og:image\" content=\"http:\/\/prueba.denemaxsport.com\/DenemaxSport\/wp-content\/uploads\/2025\/04\/person-horseback-riding-outdoors-1524620-683x1024.jpeg\" \/>\n<meta name=\"twitter:card\" content=\"summary_large_image\" \/>\n<meta name=\"twitter:site\" content=\"@DenemaxSport\" \/>\n<meta name=\"twitter:label1\" content=\"Tiempo de lectura\" \/>\n\t<meta name=\"twitter:data1\" content=\"4 minutos\" \/>\n<script type=\"application\/ld+json\" class=\"yoast-schema-graph\">{\"@context\":\"https:\/\/schema.org\",\"@graph\":[{\"@type\":\"WebPage\",\"@id\":\"https:\/\/prueba.denemaxsport.com\/DenemaxSport\/?page_id=12\",\"url\":\"https:\/\/prueba.denemaxsport.com\/DenemaxSport\/?page_id=12\",\"name\":\"Servicios para clubes deportivos | Denemax Sport\",\"isPartOf\":{\"@id\":\"https:\/\/prueba.denemaxsport.com\/DenemaxSport\/#website\"},\"primaryImageOfPage\":{\"@id\":\"https:\/\/prueba.denemaxsport.com\/DenemaxSport\/?page_id=12#primaryimage\"},\"image\":{\"@id\":\"https:\/\/prueba.denemaxsport.com\/DenemaxSport\/?page_id=12#primaryimage\"},\"thumbnailUrl\":\"http:\/\/prueba.denemaxsport.com\/DenemaxSport\/wp-content\/uploads\/2025\/04\/person-horseback-riding-outdoors-1524620-683x1024.jpeg\",\"datePublished\":\"2025-04-07T15:08:33+00:00\",\"dateModified\":\"2025-05-22T13:50:23+00:00\",\"description\":\"Descubre los servicios para clubes deportivos de Denemax Sport: consultor\u00eda, asesor\u00eda y herramientas digitales para una gesti\u00f3n eficiente.\",\"breadcrumb\":{\"@id\":\"https:\/\/prueba.denemaxsport.com\/DenemaxSport\/?page_id=12#breadcrumb\"},\"inLanguage\":\"es\",\"potentialAction\":[{\"@type\":\"ReadAction\",\"target\":[\"https:\/\/prueba.denemaxsport.com\/DenemaxSport\/?page_id=12\"]}]},{\"@type\":\"ImageObject\",\"inLanguage\":\"es\",\"@id\":\"https:\/\/prueba.denemaxsport.com\/DenemaxSport\/?page_id=12#primaryimage\",\"url\":\"http:\/\/prueba.denemaxsport.com\/DenemaxSport\/wp-content\/uploads\/2025\/04\/person-horseback-riding-outdoors-1524620-683x1024.jpeg\",\"contentUrl\":\"http:\/\/prueba.denemaxsport.com\/DenemaxSport\/wp-content\/uploads\/2025\/04\/person-horseback-riding-outdoors-1524620-683x1024.jpeg\"},{\"@type\":\"BreadcrumbList\",\"@id\":\"https:\/\/prueba.denemaxsport.com\/DenemaxSport\/?page_id=12#breadcrumb\",\"itemListElement\":[{\"@type\":\"ListItem\",\"position\":1,\"name\":\"Portada\",\"item\":\"https:\/\/prueba.denemaxsport.com\/DenemaxSport\/\"},{\"@type\":\"ListItem\",\"position\":2,\"name\":\"Servicios\"}]},{\"@type\":\"WebSite\",\"@id\":\"https:\/\/prueba.denemaxsport.com\/DenemaxSport\/#website\",\"url\":\"https:\/\/prueba.denemaxsport.com\/DenemaxSport\/\",\"name\":\"DenemaxSport\",\"description\":\"\",\"publisher\":{\"@id\":\"https:\/\/prueba.denemaxsport.com\/DenemaxSport\/#organization\"},\"potentialAction\":[{\"@type\":\"SearchAction\",\"target\":{\"@type\":\"EntryPoint\",\"urlTemplate\":\"https:\/\/prueba.denemaxsport.com\/DenemaxSport\/?s={search_term_string}\"},\"query-input\":{\"@type\":\"PropertyValueSpecification\",\"valueRequired\":true,\"valueName\":\"search_term_string\"}}],\"inLanguage\":\"es\"},{\"@type\":\"Organization\",\"@id\":\"https:\/\/prueba.denemaxsport.com\/DenemaxSport\/#organization\",\"name\":\"DenemaxSport\",\"url\":\"https:\/\/prueba.denemaxsport.com\/DenemaxSport\/\",\"logo\":{\"@type\":\"ImageObject\",\"inLanguage\":\"es\",\"@id\":\"https:\/\/prueba.denemaxsport.com\/DenemaxSport\/#\/schema\/logo\/image\/\",\"url\":\"https:\/\/prueba.denemaxsport.com\/DenemaxSport\/wp-content\/uploads\/2025\/04\/cropped-medio-Photoroom.png\",\"contentUrl\":\"https:\/\/prueba.denemaxsport.com\/DenemaxSport\/wp-content\/uploads\/2025\/04\/cropped-medio-Photoroom.png\",\"width\":1035,\"height\":502,\"caption\":\"DenemaxSport\"},\"image\":{\"@id\":\"https:\/\/prueba.denemaxsport.com\/DenemaxSport\/#\/schema\/logo\/image\/\"},\"sameAs\":[\"https:\/\/www.facebook.com\/pages\/DenemaxConsultin\/966345906748622\",\"https:\/\/x.com\/DenemaxSport\",\"https:\/\/www.instagram.com\/denemax_sports\"]}]}<\/script>\n<!-- \/ Yoast SEO Premium plugin. -->","yoast_head_json":{"title":"Servicios para clubes deportivos | Denemax Sport","description":"Descubre los servicios para clubes deportivos de Denemax Sport: consultor\u00eda, asesor\u00eda y herramientas digitales para una gesti\u00f3n eficiente.","robots":{"index":"index","follow":"follow","max-snippet":"max-snippet:-1","max-image-preview":"max-image-preview:large","max-video-preview":"max-video-preview:-1"},"canonical":"https:\/\/prueba.denemaxsport.com\/DenemaxSport\/?page_id=12","og_locale":"es_ES","og_type":"article","og_title":"Servicios","og_description":"Descubre los servicios para clubes deportivos de Denemax Sport: consultor\u00eda, asesor\u00eda y herramientas digitales para una gesti\u00f3n eficiente.","og_url":"https:\/\/prueba.denemaxsport.com\/DenemaxSport\/?page_id=12","og_site_name":"DenemaxSport","article_publisher":"https:\/\/www.facebook.com\/pages\/DenemaxConsultin\/966345906748622","article_modified_time":"2025-05-22T13:50:23+00:00","og_image":[{"url":"http:\/\/prueba.denemaxsport.com\/DenemaxSport\/wp-content\/uploads\/2025\/04\/person-horseback-riding-outdoors-1524620-683x1024.jpeg","type":"","width":"","height":""}],"twitter_card":"summary_large_image","twitter_site":"@DenemaxSport","twitter_misc":{"Tiempo de lectura":"4 minutos"},"schema":{"@context":"https:\/\/schema.org","@graph":[{"@type":"WebPage","@id":"https:\/\/prueba.denemaxsport.com\/DenemaxSport\/?page_id=12","url":"https:\/\/prueba.denemaxsport.com\/DenemaxSport\/?page_id=12","name":"Servicios para clubes deportivos | Denemax Sport","isPartOf":{"@id":"https:\/\/prueba.denemaxsport.com\/DenemaxSport\/#website"},"primaryImageOfPage":{"@id":"https:\/\/prueba.denemaxsport.com\/DenemaxSport\/?page_id=12#primaryimage"},"image":{"@id":"https:\/\/prueba.denemaxsport.com\/DenemaxSport\/?page_id=12#primaryimage"},"thumbnailUrl":"http:\/\/prueba.denemaxsport.com\/DenemaxSport\/wp-content\/uploads\/2025\/04\/person-horseback-riding-outdoors-1524620-683x1024.jpeg","datePublished":"2025-04-07T15:08:33+00:00","dateModified":"2025-05-22T13:50:23+00:00","description":"Descubre los servicios para clubes deportivos de Denemax Sport: consultor\u00eda, asesor\u00eda y herramientas digitales para una gesti\u00f3n eficiente.","breadcrumb":{"@id":"https:\/\/prueba.denemaxsport.com\/DenemaxSport\/?page_id=12#breadcrumb"},"inLanguage":"es","potentialAction":[{"@type":"ReadAction","target":["https:\/\/prueba.denemaxsport.com\/DenemaxSport\/?page_id=12"]}]},{"@type":"ImageObject","inLanguage":"es","@id":"https:\/\/prueba.denemaxsport.com\/DenemaxSport\/?page_id=12#primaryimage","url":"http:\/\/prueba.denemaxsport.com\/DenemaxSport\/wp-content\/uploads\/2025\/04\/person-horseback-riding-outdoors-1524620-683x1024.jpeg","contentUrl":"http:\/\/prueba.denemaxsport.com\/DenemaxSport\/wp-content\/uploads\/2025\/04\/person-horseback-riding-outdoors-1524620-683x1024.jpeg"},{"@type":"BreadcrumbList","@id":"https:\/\/prueba.denemaxsport.com\/DenemaxSport\/?page_id=12#breadcrumb","itemListElement":[{"@type":"ListItem","position":1,"name":"Portada","item":"https:\/\/prueba.denemaxsport.com\/DenemaxSport\/"},{"@type":"ListItem","position":2,"name":"Servicios"}]},{"@type":"WebSite","@id":"https:\/\/prueba.denemaxsport.com\/DenemaxSport\/#website","url":"https:\/\/prueba.denemaxsport.com\/DenemaxSport\/","name":"DenemaxSport","description":"","publisher":{"@id":"https:\/\/prueba.denemaxsport.com\/DenemaxSport\/#organization"},"potentialAction":[{"@type":"SearchAction","target":{"@type":"EntryPoint","urlTemplate":"https:\/\/prueba.denemaxsport.com\/DenemaxSport\/?s={search_term_string}"},"query-input":{"@type":"PropertyValueSpecification","valueRequired":true,"valueName":"search_term_string"}}],"inLanguage":"es"},{"@type":"Organization","@id":"https:\/\/prueba.denemaxsport.com\/DenemaxSport\/#organization","name":"DenemaxSport","url":"https:\/\/prueba.denemaxsport.com\/DenemaxSport\/","logo":{"@type":"ImageObject","inLanguage":"es","@id":"https:\/\/prueba.denemaxsport.com\/DenemaxSport\/#\/schema\/logo\/image\/","url":"https:\/\/prueba.denemaxsport.com\/DenemaxSport\/wp-content\/uploads\/2025\/04\/cropped-medio-Photoroom.png","contentUrl":"https:\/\/prueba.denemaxsport.com\/DenemaxSport\/wp-content\/uploads\/2025\/04\/cropped-medio-Photoroom.png","width":1035,"height":502,"caption":"DenemaxSport"},"image":{"@id":"https:\/\/prueba.denemaxsport.com\/DenemaxSport\/#\/schema\/logo\/image\/"},"sameAs":["https:\/\/www.facebook.com\/pages\/DenemaxConsultin\/966345906748622","https:\/\/x.com\/DenemaxSport","https:\/\/www.instagram.com\/denemax_sports"]}]}},"uagb_featured_image_src":{"full":false,"thumbnail":false,"medium":false,"medium_large":false,"large":false,"1536x1536":false,"2048x2048":false,"ultp_layout_landscape_large":false,"ultp_layout_landscape":false,"ultp_layout_portrait":false,"ultp_layout_square":false},"uagb_author_info":{"display_name":"DenemaxSport Denemax","author_link":"https:\/\/prueba.denemaxsport.com\/DenemaxSport\/?author=4"},"uagb_comment_info":0,"uagb_excerpt":"Optimiza tu club deportivo con Denemax Sport","_links":{"self":[{"href":"https:\/\/prueba.denemaxsport.com\/DenemaxSport\/index.php?rest_route=\/wp\/v2\/pages\/12","targetHints":{"allow":["GET"]}}],"collection":[{"href":"https:\/\/prueba.denemaxsport.com\/DenemaxSport\/index.php?rest_route=\/wp\/v2\/pages"}],"about":[{"href":"https:\/\/prueba.denemaxsport.com\/DenemaxSport\/index.php?rest_route=\/wp\/v2\/types\/page"}],"author":[{"embeddable":true,"href":"https:\/\/prueba.denemaxsport.com\/DenemaxSport\/index.php?rest_route=\/wp\/v2\/users\/4"}],"replies":[{"embeddable":true,"href":"https:\/\/prueba.denemaxsport.com\/DenemaxSport\/index.php?rest_route=%2Fwp%2Fv2%2Fcomments&post=12"}],"version-history":[{"count":10,"href":"https:\/\/prueba.denemaxsport.com\/DenemaxSport\/index.php?rest_route=\/wp\/v2\/pages\/12\/revisions"}],"predecessor-version":[{"id":1623,"href":"https:\/\/prueba.denemaxsport.com\/DenemaxSport\/index.php?rest_route=\/wp\/v2\/pages\/12\/revisions\/1623"}],"wp:attachment":[{"href":"https:\/\/prueba.denemaxsport.com\/DenemaxSport\/index.php?rest_route=%2Fwp%2Fv2%2Fmedia&parent=12"}],"curies":[{"name":"wp","href":"https:\/\/api.w.org\/{rel}","templated":true}]}}